{"id":4351,"date":"2025-10-20T09:38:21","date_gmt":"2025-10-20T07:38:21","guid":{"rendered":"https:\/\/olympiabasketcomiso.it\/wp2021\/?page_id=4351"},"modified":"2025-10-28T09:15:59","modified_gmt":"2025-10-28T08:15:59","slug":"olympia-basket-comiso-under-17-eccellenza","status":"publish","type":"page","link":"https:\/\/olympiabasketcomiso.it\/wp2021\/olympia-basket-comiso-under-17-eccellenza\/","title":{"rendered":"Olympia Basket Comiso Under 17 Eccellenza 2025-2026"},"content":{"rendered":"\n<figure class=\"wp-block-image size-large\"><img fetchpriority=\"high\" fetchpriority=\"high\" decoding=\"async\" width=\"1280\" height=\"960\" src=\"https:\/\/olympiabasketcomiso.it\/wp2021\/wp-content\/uploads\/2025\/10\/Sito-1-1280x960.jpg\" alt=\"\" class=\"wp-image-4353\" srcset=\"https:\/\/olympiabasketcomiso.it\/wp2021\/wp-content\/uploads\/2025\/10\/Sito-1-1280x960.jpg 1280w, https:\/\/olympiabasketcomiso.it\/wp2021\/wp-content\/uploads\/2025\/10\/Sito-1-980x735.jpg 980w, https:\/\/olympiabasketcomiso.it\/wp2021\/wp-content\/uploads\/2025\/10\/Sito-1-480x360.jpg 480w\" sizes=\"(min-width: 0px) and (max-width: 480px) 480px, (min-width: 481px) and (max-width: 980px) 980px, (min-width: 981px) and (max-width: 1280px) 1280px, 100vw\" \/><\/figure>\n\n\n\n<p>In Piedi da Sinistra: Alfio Occhipinti (COACH), Simone Mandar\u00e0, Biagio Velaj, Gabriele Ravalli, Giovanni Nicosia, Flavio Giarrizzo, Aurelio Minardo, Salvo Tin\u00e8, Gabriele D&#8217;Ascenzo, Niccol\u00f2 Incremona, Davide Ceccato (Coach).<\/p>\n\n\n\n<p>In Basso da Sinistra: Giovanni Cardone,Tot\u00f2 Cubisino, Francesco Lenzo, Jacopo Floriddia, Luciano Verduzzo, Carmelo Chiarand\u00e0, Giuseppe Spataro, Francesco Gaglio, Enrico Burrafato.<\/p>\n\n\n\n<p><\/p>\n\n\n\n<p>SPONSOR: <strong>SALVO MARCHI OCCHIALI<\/strong><\/p>\n\n\n\n<p>A.S. 2025-2026<\/p>\n\n\n\n<p><\/p>\n\n\n\n<p><\/p>\n\n\n\n<p><\/p>\n\n\n\n<p><\/p>\n","protected":false},"excerpt":{"rendered":"<p>In Piedi da Sinistra: Alfio Occhipinti (COACH), Simone Mandar\u00e0, Biagio Velaj, Gabriele Ravalli, Giovanni Nicosia, Flavio Giarrizzo, Aurelio Minardo, Salvo Tin\u00e8, Gabriele D&#8217;Ascenzo, Niccol\u00f2 Incremona, Davide Ceccato (Coach). In Basso da Sinistra: Giovanni Cardone,Tot\u00f2 Cubisino, Francesco Lenzo, Jacopo Floriddia, Luciano Verduzzo, Carmelo Chiarand\u00e0, Giuseppe Spataro, Francesco Gaglio, Enrico Burrafato. SPONSOR: SALVO MARCHI OCCHIALI A.S. 2025-2026<\/p>\n","protected":false},"author":3,"featured_media":3840,"parent":0,"menu_order":0,"comment_status":"closed","ping_status":"closed","template":"","meta":{"_et_pb_use_builder":"off","_et_pb_old_content":"","_et_gb_content_width":"1080","_monsterinsights_skip_tracking":false,"_monsterinsights_sitenote_active":false,"_monsterinsights_sitenote_note":"","_monsterinsights_sitenote_category":0,"_uf_show_specific_survey":0,"_uf_disable_surveys":false,"footnotes":""},"class_list":["post-4351","page","type-page","status-publish","has-post-thumbnail","hentry"],"_links":{"self":[{"href":"https:\/\/olympiabasketcomiso.it\/wp2021\/wp-json\/wp\/v2\/pages\/4351","targetHints":{"allow":["GET"]}}],"collection":[{"href":"https:\/\/olympiabasketcomiso.it\/wp2021\/wp-json\/wp\/v2\/pages"}],"about":[{"href":"https:\/\/olympiabasketcomiso.it\/wp2021\/wp-json\/wp\/v2\/types\/page"}],"author":[{"embeddable":true,"href":"https:\/\/olympiabasketcomiso.it\/wp2021\/wp-json\/wp\/v2\/users\/3"}],"replies":[{"embeddable":true,"href":"https:\/\/olympiabasketcomiso.it\/wp2021\/wp-json\/wp\/v2\/comments?post=4351"}],"version-history":[{"count":2,"href":"https:\/\/olympiabasketcomiso.it\/wp2021\/wp-json\/wp\/v2\/pages\/4351\/revisions"}],"predecessor-version":[{"id":4404,"href":"https:\/\/olympiabasketcomiso.it\/wp2021\/wp-json\/wp\/v2\/pages\/4351\/revisions\/4404"}],"wp:featuredmedia":[{"embeddable":true,"href":"https:\/\/olympiabasketcomiso.it\/wp2021\/wp-json\/wp\/v2\/media\/3840"}],"wp:attachment":[{"href":"https:\/\/olympiabasketcomiso.it\/wp2021\/wp-json\/wp\/v2\/media?parent=4351"}],"curies":[{"name":"wp","href":"https:\/\/api.w.org\/{rel}","templated":true}]}}